{"id":55,"date":"2015-08-12T13:17:43","date_gmt":"2015-08-12T13:17:43","guid":{"rendered":"http:\/\/embreco.se\/?page_id=55"},"modified":"2025-04-26T18:05:45","modified_gmt":"2025-04-26T18:05:45","slug":"medarbetare","status":"publish","type":"page","link":"https:\/\/embreco.se\/?page_id=55","title":{"rendered":"Medarbetare"},"content":{"rendered":"<p>[et_pb_section fb_built=&#8221;1&#8243; fullwidth=&#8221;on&#8221; custom_padding_last_edited=&#8221;on|desktop&#8221; admin_label=&#8221;section&#8221; _builder_version=&#8221;4.16&#8243; custom_padding=&#8221;||0|&#8221; custom_padding_tablet=&#8221;50px|0|50px|0&#8243; custom_padding_phone=&#8221;&#8221; transparent_background=&#8221;off&#8221; padding_mobile=&#8221;off&#8221; make_fullwidth=&#8221;off&#8221; use_custom_width=&#8221;off&#8221; width_unit=&#8221;on&#8221; global_colors_info=&#8221;{}&#8221;][et_pb_fullwidth_header title=&#8221;Gedigen erfarenhet och kunskaper&#8221; text_orientation=&#8221;center&#8221; content_max_width=&#8221;none&#8221; _builder_version=&#8221;4.16&#8243; title_font=&#8221;|on|on||&#8221; background_color=&#8221;rgba(79,108,182,0.75)&#8221; background_layout=&#8221;light&#8221; button_one_letter_spacing_hover=&#8221;0&#8243; button_two_letter_spacing_hover=&#8221;0&#8243; global_colors_info=&#8221;{}&#8221; button_one_text_size__hover_enabled=&#8221;off&#8221; button_two_text_size__hover_enabled=&#8221;off&#8221; button_one_text_color__hover_enabled=&#8221;off&#8221; button_two_text_color__hover_enabled=&#8221;off&#8221; button_one_border_width__hover_enabled=&#8221;off&#8221; button_two_border_width__hover_enabled=&#8221;off&#8221; button_one_border_color__hover_enabled=&#8221;off&#8221; button_two_border_color__hover_enabled=&#8221;off&#8221; button_one_border_radius__hover_enabled=&#8221;off&#8221; button_two_border_radius__hover_enabled=&#8221;off&#8221; button_one_letter_spacing__hover_enabled=&#8221;on&#8221; button_one_letter_spacing__hover=&#8221;0&#8243; button_two_letter_spacing__hover_enabled=&#8221;on&#8221; button_two_letter_spacing__hover=&#8221;0&#8243; button_one_bg_color__hover_enabled=&#8221;off&#8221; button_two_bg_color__hover_enabled=&#8221;off&#8221;][\/et_pb_fullwidth_header][et_pb_fullwidth_image src=&#8221;https:\/\/embreco.se\/wp-content\/uploads\/2020\/04\/Lomma_190120_115134_022.jpg&#8221; _builder_version=&#8221;4.16&#8243; animation_direction=&#8221;left&#8221; animation=&#8221;left&#8221; use_border_color=&#8221;off&#8221; border_color=&#8221;#ffffff&#8221; border_style=&#8221;solid&#8221; global_colors_info=&#8221;{}&#8221;][\/et_pb_fullwidth_image][\/et_pb_section][et_pb_section fb_built=&#8221;1&#8243; custom_padding_last_edited=&#8221;on|desktop&#8221; admin_label=&#8221;section&#8221; _builder_version=&#8221;4.16&#8243; background_color=&#8221;rgba(255,255,255,0)&#8221; custom_padding_tablet=&#8221;50px|0|50px|0&#8243; custom_padding_phone=&#8221;&#8221; transparent_background=&#8221;on&#8221; padding_mobile=&#8221;off&#8221; make_fullwidth=&#8221;off&#8221; use_custom_width=&#8221;off&#8221; width_unit=&#8221;on&#8221; global_colors_info=&#8221;{}&#8221;][et_pb_row column_structure=&#8221;1_2,1_2&#8243; padding_mobile=&#8221;off&#8221; admin_label=&#8221;row&#8221; _builder_version=&#8221;4.16&#8243; background_size=&#8221;initial&#8221; background_position=&#8221;top_left&#8221; background_repeat=&#8221;repeat&#8221; custom_padding=&#8221;|0&#8243; make_fullwidth=&#8221;off&#8221; use_custom_width=&#8221;off&#8221; width_unit=&#8221;on&#8221; global_colors_info=&#8221;{}&#8221;][et_pb_column type=&#8221;1_2&#8243; _builder_version=&#8221;4.16&#8243; custom_padding=&#8221;|||&#8221; global_colors_info=&#8221;{}&#8221; custom_padding__hover=&#8221;|||&#8221;][et_pb_team_member name=&#8221;Eva Dalentoft&#8221; image_url=&#8221;https:\/\/embreco.se\/wp-content\/uploads\/2015\/08\/Eva01.jpg&#8221; admin_label=&#8221;Person.Eva&#8221; _builder_version=&#8221;4.16&#8243; header_font=&#8221;|on|||&#8221; header_font_size=&#8221;24&#8243; header_line_height=&#8221;2em&#8221; body_line_height=&#8221;1.5em&#8221; background_size=&#8221;initial&#8221; background_position=&#8221;top_left&#8221; background_repeat=&#8221;repeat&#8221; use_border_color=&#8221;off&#8221; border_color=&#8221;#ffffff&#8221; border_style=&#8221;solid&#8221; global_colors_info=&#8221;{}&#8221;]<\/p>\n<p style=\"text-align: left;\">Eva har n\u00e4stan\u00a030 \u00e5rs erfarenhet av avloppsvattenrening och milj\u00f6fr\u00e5gor. Hon har varit processingenj\u00f6r, processchef, milj\u00f6chef, f\u00f6rs\u00e4ljningschef, projektledare och VD.<\/p>\n<p>[\/et_pb_team_member][et_pb_text admin_label=&#8221;Text.Eva&#8221; _builder_version=&#8221;4.16&#8243; background_size=&#8221;initial&#8221; background_position=&#8221;top_left&#8221; background_repeat=&#8221;repeat&#8221; module_alignment=&#8221;left&#8221; use_border_color=&#8221;off&#8221; border_color=&#8221;#ffffff&#8221; border_style=&#8221;solid&#8221; global_colors_info=&#8221;{}&#8221;]<\/p>\n<p style=\"text-align: left;\">Specialomr\u00e5den:<\/p>\n<ul style=\"text-align: left;\">\n<li>Kommunal och industriell avloppsvattenrening<\/li>\n<li>Mikrobiologi inom avloppsvattenrening<\/li>\n<li>F\u00f6rstudier och utredningar<\/li>\n<li>Optimering och utveckling av den biologiska processen<\/li>\n<li>Skr\u00e4ddarsydda utbildningar<\/li>\n<li>Coaching och mentorskap<\/li>\n<\/ul>\n<p style=\"text-align: left;\"><a href='https:\/\/embreco.se\/?page_id=103%20' class='icon-button mail-icon'>Kontakta Eva<span class='et-icon'><\/span><\/a> <a href='https:\/\/se.linkedin.com\/pub\/eva-dalentoft\/9\/6b0\/8a' class='icon-button people-icon' target=\"_blank\">LinkedIn<span class='et-icon'><\/span><\/a><\/p>\n<p>[\/et_pb_text][\/et_pb_column][et_pb_column type=&#8221;1_2&#8243; _builder_version=&#8221;4.16&#8243; custom_padding=&#8221;|||&#8221; global_colors_info=&#8221;{}&#8221; custom_padding__hover=&#8221;|||&#8221;][et_pb_team_member name=&#8221;\u00c5sa Malmqvist&#8221; image_url=&#8221;https:\/\/embreco.se\/wp-content\/uploads\/2015\/08\/\u00c5sa02.jpg&#8221; admin_label=&#8221;Person.\u00c5sa&#8221; _builder_version=&#8221;4.16&#8243; header_font=&#8221;|on|||&#8221; header_font_size=&#8221;24&#8243; header_line_height=&#8221;2em&#8221; body_line_height=&#8221;1.5em&#8221; background_size=&#8221;initial&#8221; background_position=&#8221;top_left&#8221; background_repeat=&#8221;repeat&#8221; use_border_color=&#8221;off&#8221; border_color=&#8221;#ffffff&#8221; border_style=&#8221;solid&#8221; global_colors_info=&#8221;{}&#8221;]\u00c5sa har n\u00e4stan\u00a030 \u00e5rs erfarenhet av biologisk avloppsvattenrening. Hon har varit utvecklingsingenj\u00f6r, processingenj\u00f6r, projektledare och VD.<\/p>\n<p style=\"text-align: left;\">[\/et_pb_team_member][et_pb_text admin_label=&#8221;Text.\u00c5sa&#8221; _builder_version=&#8221;4.16&#8243; background_size=&#8221;initial&#8221; background_position=&#8221;top_left&#8221; background_repeat=&#8221;repeat&#8221; module_alignment=&#8221;left&#8221; use_border_color=&#8221;off&#8221; border_color=&#8221;#ffffff&#8221; border_style=&#8221;solid&#8221; global_colors_info=&#8221;{}&#8221;]<\/p>\n<p>Specialomr\u00e5den:<\/p>\n<ul>\n<li>Industriell avloppsvattenrening<\/li>\n<li>Mikrobiologi inom avloppsvattenrening<\/li>\n<li>F\u00f6rstudier och utredningar<\/li>\n<li>Optimering och utveckling av den biologiska processen<\/li>\n<li>Skr\u00e4ddarsydda utbildningar<\/li>\n<li>Coaching och mentorskap<\/li>\n<\/ul>\n<p style=\"text-align: left;\"><a href='https:\/\/embreco.se\/?page_id=242%20' class='icon-button mail-icon'>Kontakta \u00c5sa<span class='et-icon'><\/span><\/a> <a href='https:\/\/se.linkedin.com\/pub\/\u00e5sa-malmqvist\/28\/945\/245' class='icon-button people-icon' target=\"_blank\">LinkedIn<span class='et-icon'><\/span><\/a><\/p>\n<p>[\/et_pb_text][\/et_pb_column][\/et_pb_row][et_pb_row column_structure=&#8221;1_2,1_2&#8243; padding_mobile=&#8221;off&#8221; admin_label=&#8221;row&#8221; _builder_version=&#8221;4.16&#8243; background_size=&#8221;initial&#8221; background_position=&#8221;top_left&#8221; background_repeat=&#8221;repeat&#8221; custom_padding=&#8221;|0&#8243; make_fullwidth=&#8221;off&#8221; use_custom_width=&#8221;off&#8221; width_unit=&#8221;on&#8221; global_colors_info=&#8221;{}&#8221;][et_pb_column type=&#8221;1_2&#8243; _builder_version=&#8221;4.16&#8243; custom_padding=&#8221;|||&#8221; global_colors_info=&#8221;{}&#8221; custom_padding__hover=&#8221;|||&#8221;][et_pb_team_member name=&#8221;Kenneth Jensen&#8221; image_url=&#8221;https:\/\/embreco.se\/wp-content\/uploads\/2015\/08\/Kenneth01.jpg&#8221; admin_label=&#8221;Person.Kenneth&#8221; _builder_version=&#8221;4.16&#8243; header_font=&#8221;|on|||&#8221; header_font_size=&#8221;24&#8243; header_line_height=&#8221;2em&#8221; body_line_height=&#8221;1.5em&#8221; background_size=&#8221;initial&#8221; background_position=&#8221;top_left&#8221; background_repeat=&#8221;repeat&#8221; use_border_color=&#8221;off&#8221; border_color=&#8221;#ffffff&#8221; border_style=&#8221;solid&#8221; global_colors_info=&#8221;{}&#8221;]<\/p>\n<p style=\"text-align: left;\">Kenneth har arbetat med avloppsvattenrening i mer \u00e4n 20 \u00e5r i olika f\u00f6retag inom branschen.<\/p>\n<p style=\"text-align: left;\">\n<p style=\"text-align: left;\">\n<p style=\"text-align: left;\">\n<p>[\/et_pb_team_member][et_pb_text admin_label=&#8221;Text.Kenneth&#8221; _builder_version=&#8221;4.16&#8243; background_size=&#8221;initial&#8221; background_position=&#8221;top_left&#8221; background_repeat=&#8221;repeat&#8221; module_alignment=&#8221;left&#8221; use_border_color=&#8221;off&#8221; border_color=&#8221;#ffffff&#8221; border_style=&#8221;solid&#8221; global_colors_info=&#8221;{}&#8221;]<\/p>\n<p style=\"text-align: left;\">Specialomr\u00e5den:<\/p>\n<ul>\n<li style=\"text-align: left;\">Mekanisk konstruktion<\/li>\n<li style=\"text-align: left;\">Styr- och reglerteknik<\/li>\n<li style=\"text-align: left;\">Projektledning<\/li>\n<\/ul>\n<p style=\"text-align: left;\"><a href='https:\/\/embreco.se\/?page_id=244%20' class='icon-button mail-icon'>Kontakta Kenneth<span class='et-icon'><\/span><\/a> <a href='https:\/\/se.linkedin.com\/pub\/kenneth-jensen\/51\/179\/80b\/en' class='icon-button people-icon' target=\"_blank\">LinkedIn<span class='et-icon'><\/span><\/a><\/p>\n<p>[\/et_pb_text][\/et_pb_column][et_pb_column type=&#8221;1_2&#8243; _builder_version=&#8221;4.16&#8243; custom_padding=&#8221;|||&#8221; global_colors_info=&#8221;{}&#8221; custom_padding__hover=&#8221;|||&#8221;][\/et_pb_column][\/et_pb_row][\/et_pb_section][et_pb_section fb_built=&#8221;1&#8243; fullwidth=&#8221;on&#8221; _builder_version=&#8221;4.16&#8243; global_colors_info=&#8221;{}&#8221;][et_pb_fullwidth_header text_orientation=&#8221;center&#8221; button_one_text=&#8221;Referenser&#8221; button_one_url=&#8221;https:\/\/embreco.se\/?page_id=145&#8243; content_max_width=&#8221;none&#8221; _builder_version=&#8221;4.16&#8243; background_color=&#8221;rgba(79,108,182,0.75)&#8221; button_one_letter_spacing_hover=&#8221;0&#8243; button_two_letter_spacing_hover=&#8221;0&#8243; saved_tabs=&#8221;all&#8221; global_colors_info=&#8221;{}&#8221; button_one_text_size__hover_enabled=&#8221;off&#8221; button_two_text_size__hover_enabled=&#8221;off&#8221; button_one_text_color__hover_enabled=&#8221;off&#8221; button_two_text_color__hover_enabled=&#8221;off&#8221; button_one_border_width__hover_enabled=&#8221;off&#8221; button_two_border_width__hover_enabled=&#8221;off&#8221; button_one_border_color__hover_enabled=&#8221;off&#8221; button_two_border_color__hover_enabled=&#8221;off&#8221; button_one_border_radius__hover_enabled=&#8221;off&#8221; button_two_border_radius__hover_enabled=&#8221;off&#8221; button_one_letter_spacing__hover_enabled=&#8221;on&#8221; button_one_letter_spacing__hover=&#8221;0&#8243; button_two_letter_spacing__hover_enabled=&#8221;on&#8221; button_two_letter_spacing__hover=&#8221;0&#8243; button_one_bg_color__hover_enabled=&#8221;off&#8221; button_two_bg_color__hover_enabled=&#8221;off&#8221;][\/et_pb_fullwidth_header][\/et_pb_section]<\/p>\n","protected":false},"excerpt":{"rendered":"<p>Eva har n\u00e4stan\u00a030 \u00e5rs erfarenhet av avloppsvattenrening och milj\u00f6fr\u00e5gor. Hon har varit processingenj\u00f6r, processchef, milj\u00f6chef, f\u00f6rs\u00e4ljningschef, projektledare och VD. Specialomr\u00e5den: Kommunal och industriell avloppsvattenrening Mikrobiologi inom avloppsvattenrening F\u00f6rstudier och utredningar Optimering och utveckling av den biologiska processen Skr\u00e4ddarsydda utbildningar Coaching och mentorskap <a href='https:\/\/embreco.se\/?page_id=103%20' class='icon-button mail-icon'>Kontakta Eva<span class='et-icon'><\/span><\/a> <a href='https:\/\/se.linkedin.com\/pub\/eva-dalentoft\/9\/6b0\/8a' class='icon-button people-icon' target=\"_blank\">LinkedIn<span class='et-icon'><\/span><\/a>\u00c5sa [&hellip;]<\/p>\n","protected":false},"author":1,"featured_media":0,"parent":0,"menu_order":0,"comment_status":"open","ping_status":"open","template":"","meta":{"_et_pb_use_builder":"on","_et_pb_old_content":"","_et_gb_content_width":"","footnotes":""},"class_list":["post-55","page","type-page","status-publish","hentry"],"_links":{"self":[{"href":"https:\/\/embreco.se\/index.php?rest_route=\/wp\/v2\/pages\/55","targetHints":{"allow":["GET"]}}],"collection":[{"href":"https:\/\/embreco.se\/index.php?rest_route=\/wp\/v2\/pages"}],"about":[{"href":"https:\/\/embreco.se\/index.php?rest_route=\/wp\/v2\/types\/page"}],"author":[{"embeddable":true,"href":"https:\/\/embreco.se\/index.php?rest_route=\/wp\/v2\/users\/1"}],"replies":[{"embeddable":true,"href":"https:\/\/embreco.se\/index.php?rest_route=%2Fwp%2Fv2%2Fcomments&post=55"}],"version-history":[{"count":1,"href":"https:\/\/embreco.se\/index.php?rest_route=\/wp\/v2\/pages\/55\/revisions"}],"predecessor-version":[{"id":652,"href":"https:\/\/embreco.se\/index.php?rest_route=\/wp\/v2\/pages\/55\/revisions\/652"}],"wp:attachment":[{"href":"https:\/\/embreco.se\/index.php?rest_route=%2Fwp%2Fv2%2Fmedia&parent=55"}],"curies":[{"name":"wp","href":"https:\/\/api.w.org\/{rel}","templated":true}]}}